{"id":2346,"date":"2019-11-22T10:24:03","date_gmt":"2019-11-22T10:24:03","guid":{"rendered":"https:\/\/hosting.uandb.hu\/kapcsolat\/"},"modified":"2022-07-31T12:24:03","modified_gmt":"2022-07-31T12:24:03","slug":"contact","status":"publish","type":"page","link":"https:\/\/hosting.uandb.hu\/en\/contact\/","title":{"rendered":"Contact"},"content":{"rendered":"<div id='full_slider_1'  class='avia-fullwidth-slider main_color avia-shadow   avia-builder-el-0  el_before_av_section  avia-builder-el-first   container_wrap fullsize' style=' '  ><div   data-size='no scaling'  data-lightbox_size='large'  data-animation='fade'  data-conditional_play=''  data-ids='1952'  data-video_counter='0'  data-autoplay='false'  data-bg_slider='false'  data-slide_height=''  data-handle='av_slideshow_full'  data-interval='10'  data-class=' '  data-el_id=''  data-css_id=''  data-scroll_down=''  data-control_layout='av-control-hidden'  data-custom_markup=''  data-perma_caption='aviaTBperma_caption'  data-autoplay_stopper=''  data-image_attachment=''  data-min_height='300px'  data-src=''  data-position='top left'  data-repeat='no-repeat'  data-attach='scroll'  data-stretch=''  class='avia-slideshow avia-slideshow-1  av-control-hidden av-default-height-applied avia-slideshow-no scaling av_slideshow_full   avia-fade-slider '  itemprop=\"image\" itemscope=\"itemscope\" itemtype=\"https:\/\/schema.org\/ImageObject\" ><ul class='avia-slideshow-inner ' style='padding-bottom: 30%;' ><li  class=' av-single-slide slide-1 ' ><div data-rel='slideshow-1' class='avia-slide-wrap '   ><img src='https:\/\/hosting.uandb.hu\/wp-content\/uploads\/2020\/02\/kapcsolat.jpg' width='1500' height='450' title='kapcsolat' alt=''  itemprop=\"thumbnailUrl\"  style='min-height:300px; min-width:1000px; ' \/><div class='av-section-color-overlay' style='opacity: 0.3; background-color: #161616; '><\/div><\/div><\/li><\/ul><div class = \"caption_fullwidth av-slideshow-caption caption_left\"><div class = \"container caption_container\"><div class = \"slideshow_caption\"><div class = \"slideshow_inner_caption\"><div class = \"slideshow_align_caption\"><div class='avia-caption-content  av-small-font-size-overwrite av-small-font-size-24 av-mini-font-size-overwrite av-mini-font-size-21 av_inherit_color'  itemprop=\"description\"   style='font-size:40px; '><p>Miben tudunk seg\u00edteni?<\/p>\n<\/div><\/div><\/div><\/div><\/div><\/div><\/div><\/div>\n<div id='contact'  class='avia-section main_color avia-section-small avia-no-border-styling avia-bg-style-scroll  avia-builder-el-1  el_after_av_slideshow_full  el_before_av_section  services  container_wrap fullsize' style=' margin-top:50px; margin-bottom:50px; '  ><div class='container' ><div class='template-page content  av-content-full alpha units'><div class='post-entry post-entry-type-page post-entry-2346'><div class='entry-content-wrapper clearfix'>\n<div class=\"flex_column av_one_third  flex_column_div av-zero-column-padding first  avia-builder-el-2  el_before_av_one_third  avia-builder-el-first  \" style='border-radius:0px; '><article  class=\"iconbox iconbox_top av-no-box   avia-builder-el-3  avia-builder-el-no-sibling  \"  itemscope=\"itemscope\" itemtype=\"https:\/\/schema.org\/CreativeWork\" ><div class=\"iconbox_content\"><header class=\"entry-content-header\"><div class=\"iconbox_icon heading-color \" aria-hidden='true' data-av_icon='\uf114' data-av_iconfont='flaticon'  style='border:1px solid #ffffff; color:#458ab1; ' ><\/div><h3 class='iconbox_content_title  '  itemprop=\"headline\"  >Office<\/h3><\/header><div class='iconbox_content_container  '  itemprop=\"text\"  ><p>1088 Budapest, R\u00e1k\u00f3czi \u00fat 9.<\/p>\n<\/div><\/div><footer class=\"entry-footer\"><\/footer><\/article><\/div><div class=\"flex_column av_one_third  flex_column_div av-zero-column-padding   avia-builder-el-4  el_after_av_one_third  el_before_av_one_third  \" style='border-radius:0px; '><article  class=\"iconbox iconbox_top av-no-box   avia-builder-el-5  avia-builder-el-no-sibling  \"  itemscope=\"itemscope\" itemtype=\"https:\/\/schema.org\/CreativeWork\" ><div class=\"iconbox_content\"><header class=\"entry-content-header\"><div class=\"iconbox_icon heading-color \" aria-hidden='true' data-av_icon='\uf118' data-av_iconfont='flaticon'  style='border:1px solid #ffffff; color:#458ab1; ' ><\/div><h3 class='iconbox_content_title  '  itemprop=\"headline\"  >Phone<\/h3><\/header><div class='iconbox_content_container  '  itemprop=\"text\"  ><p><a class=\"mail\" href=\"tel:+36307836917\">+3630 783 6917<\/a><\/p>\n<\/div><\/div><footer class=\"entry-footer\"><\/footer><\/article><\/div><div class=\"flex_column av_one_third  flex_column_div av-zero-column-padding   avia-builder-el-6  el_after_av_one_third  avia-builder-el-last  \" style='border-radius:0px; '><article  class=\"iconbox iconbox_top av-no-box   avia-builder-el-7  avia-builder-el-no-sibling  \"  itemscope=\"itemscope\" itemtype=\"https:\/\/schema.org\/CreativeWork\" ><div class=\"iconbox_content\"><header class=\"entry-content-header\"><div class=\"iconbox_icon heading-color \" aria-hidden='true' data-av_icon='\uf112' data-av_iconfont='flaticon'  style='border:1px solid #ffffff; color:#458ab1; ' ><\/div><h3 class='iconbox_content_title  '  itemprop=\"headline\"  >E-mail<\/h3><\/header><div class='iconbox_content_container  '  itemprop=\"text\"  ><p><a href=\"mailto:info@uandb.hu\">info@uandb.hu<\/a><\/p>\n<\/div><\/div><footer class=\"entry-footer\"><\/footer><\/article><\/div><\/div><\/div><\/div><!-- close content main div --><\/div><\/div><div id='contact-form'  class='avia-section main_color avia-section-default avia-no-border-styling avia-bg-style-scroll  avia-builder-el-8  el_after_av_section  el_before_av_google_map  urlap  container_wrap fullsize' style='background-color: #f8f9fa;  '  ><div class='container' ><div class='template-page content  av-content-full alpha units'><div class='post-entry post-entry-type-page post-entry-2346'><div class='entry-content-wrapper clearfix'>\n<div class=\"flex_column av_one_fifth  flex_column_div av-zero-column-padding first  avia-builder-el-9  el_before_av_three_fifth  avia-builder-el-first  \" style='border-radius:0px; '><\/div><div class=\"flex_column av_three_fifth  flex_column_div av-zero-column-padding   avia-builder-el-10  el_after_av_one_fifth  el_before_av_one_fifth  \" style='border-radius:0px; '><p><section class=\"av_textblock_section \"  itemscope=\"itemscope\" itemtype=\"https:\/\/schema.org\/CreativeWork\" ><div class='avia_textblock  av_inherit_color '  style='font-size:24px; color:#212529; '  itemprop=\"text\" ><p><strong>Contact form<\/strong><\/p>\n<\/div><\/section><br \/>\n<section class=\"av_textblock_section \"  itemscope=\"itemscope\" itemtype=\"https:\/\/schema.org\/CreativeWork\" ><div class='avia_textblock  '   itemprop=\"text\" >\n                <div class='gf_browser_gecko gform_wrapper' id='gform_wrapper_6' ><form method='post' enctype='multipart\/form-data'  id='gform_6'  action='\/en\/wp-json\/wp\/v2\/pages\/2346'>\n                        <div class='gform_body'><ul id='gform_fields_6' class='gform_fields top_label form_sublabel_below description_below'><li id='field_6_1'  class='gfield gfield_contains_required field_sublabel_above field_description_below hidden_label gfield_visibility_visible' ><label class='gfield_label gfield_label_before_complex'  >Name<span class='gfield_required'>*<\/span><\/label><div class='ginput_complex ginput_container no_prefix has_first_name no_middle_name has_last_name no_suffix gf_name_has_2 ginput_container_name' id='input_6_1'>\n                            \n                            <span id='input_6_1_3_container' class='name_first' >\n                                                    <label for='input_6_1_3' >Firstname<\/label>\n                                                    <input type='text' name='input_1.3' id='input_6_1_3' value='' aria-label='First name'   aria-required=\"true\" aria-invalid=\"false\" \/>\n                                                <\/span>\n                            \n                            <span id='input_6_1_6_container' class='name_last' >\n                                                            <label for='input_6_1_6' >Lastname<\/label>\n                                                            <input type='text' name='input_1.6' id='input_6_1_6' value='' aria-label='Last name'   aria-required=\"true\" aria-invalid=\"false\" \/>\n                                                        <\/span>\n                            \n                        <\/div><\/li><li id='field_6_2'  class='gfield gfield_contains_required field_sublabel_below field_description_above gfield_visibility_visible' ><label class='gfield_label' for='input_6_2' >Email<span class='gfield_required'>*<\/span><\/label><div class='ginput_container ginput_container_email'>\n                            <input name='input_2' id='input_6_2' type='text' value='' class='medium'    aria-required=\"true\" aria-invalid=\"false\"\/>\n                        <\/div><\/li><li id='field_6_3'  class='gfield field_sublabel_below field_description_above gfield_visibility_visible' ><label class='gfield_label' for='input_6_3' >Message<\/label><div class='ginput_container ginput_container_textarea'><textarea name='input_3' id='input_6_3' class='textarea medium'      aria-invalid=\"false\"   rows='10' cols='50'><\/textarea><\/div><\/li><li id='field_6_4'  class='gfield gfield_contains_required field_sublabel_below field_description_below hidden_label gfield_visibility_visible' ><label class='gfield_label'  >Consent<span class='gfield_required'>*<\/span><\/label><div class='ginput_container ginput_container_consent'><input name='input_4.1' id='input_6_4_1' type='checkbox' value='1'   aria-required=\"true\" aria-invalid=\"false\"   \/> <label class=\"gfield_consent_label\" for='input_6_4_1' >I accept the Privacy Policy.<\/label><span class='gfield_required'>*<\/span><input type='hidden' name='input_4.2' value='I accept the Privacy Policy.' class='gform_hidden' \/><input type='hidden' name='input_4.3' value='3' class='gform_hidden' \/><\/div><\/li>\n                            <\/ul><\/div>\n        <div class='gform_footer top_label'> <input type='submit' id='gform_submit_button_6' class='gform_button button' value='Send'  onclick='if(window[\"gf_submitting_6\"]){return false;}  window[\"gf_submitting_6\"]=true;  ' onkeypress='if( event.keyCode == 13 ){ if(window[\"gf_submitting_6\"]){return false;} window[\"gf_submitting_6\"]=true;  jQuery(\"#gform_6\").trigger(\"submit\",[true]); }' \/> \n            <input type='hidden' class='gform_hidden' name='is_submit_6' value='1' \/>\n            <input type='hidden' class='gform_hidden' name='gform_submit' value='6' \/>\n            \n            <input type='hidden' class='gform_hidden' name='gform_unique_id' value='' \/>\n            <input type='hidden' class='gform_hidden' name='state_6' value='WyJ7XCI0LjFcIjpcIjg5ODAyOGNkMTFkOWIwMjZkYzZkOTZjYzAzNTFjY2E1XCIsXCI0LjJcIjpcIjBlOGNkN2I3ZGY0ODhhYmQwMDY5OTRmZWVhODE2YTc3XCIsXCI0LjNcIjpcImViYTU0OTE1Nzg5NThkMzk4NjZlMzAzNDI3ZTdjMDNkXCJ9IiwiN2YwNGQ1OGZmMGEzNTVkZWFhM2JjYTJmNzJmZjQ5MGMiXQ==' \/>\n            <input type='hidden' class='gform_hidden' name='gform_target_page_number_6' id='gform_target_page_number_6' value='0' \/>\n            <input type='hidden' class='gform_hidden' name='gform_source_page_number_6' id='gform_source_page_number_6' value='1' \/>\n            <input type='hidden' name='gform_field_values' value='' \/>\n            \n        <\/div>\n                        <\/form>\n                        <\/div><script type='text\/javascript'> jQuery(document).bind('gform_post_render', function(event, formId, currentPage){if(formId == 6) {} } );jQuery(document).bind('gform_post_conditional_logic', function(event, formId, fields, isInit){} );<\/script><script type='text\/javascript'> jQuery(document).ready(function(){jQuery(document).trigger('gform_post_render', [6, 1]) } ); <\/script>\n<\/div><\/section><\/p><\/div><div class=\"flex_column av_one_fifth  flex_column_div av-zero-column-padding   avia-builder-el-13  el_after_av_three_fifth  avia-builder-el-last  \" style='border-radius:0px; '><\/div>\n<\/p>\n<div  class='av_gmaps_sc_main_wrap av_gmaps_main_wrap '><div id='av_gmap_0' class='avia-google-map-container avia-google-map-sc av_gmaps_show_unconditionally av-no-fallback-img ' data-mapid='av_gmap_0'  style='height: 300px;'><a class=\"av_gmaps_browser_disabled av_text_confirm_link av_text_confirm_link_visible\" href=\"https:\/\/www.google.com\/maps\/search\/?api=1&#038;query=Fi\u00e1th%20J\u00e1nos%20utca%2016.%201016%20Budapest%20Budapest%20Magyarorsz\u00e1g\" target=\"_blank\" rel=\"noopener\">Maps were disabled by the visitor on this site. Click to open the map in a new window.<\/a><\/div><\/div>\n","protected":false},"excerpt":{"rendered":"","protected":false},"author":1,"featured_media":0,"parent":0,"menu_order":0,"comment_status":"closed","ping_status":"closed","template":"","meta":{"footnotes":""},"class_list":["post-2346","page","type-page","status-publish","hentry"],"yoast_head":"<!-- This site is optimized with the Yoast SEO plugin v26.8 - https:\/\/yoast.com\/product\/yoast-seo-wordpress\/ -->\n<title>Contact - U&amp;B Management<\/title>\n<meta name=\"robots\" content=\"index, follow, max-snippet:-1, max-image-preview:large, max-video-preview:-1\" \/>\n<link rel=\"canonical\" href=\"https:\/\/hosting.uandb.hu\/en\/contact\/\" \/>\n<meta property=\"og:locale\" content=\"en_US\" \/>\n<meta property=\"og:type\" content=\"article\" \/>\n<meta property=\"og:title\" content=\"Contact - U&amp;B Management\" \/>\n<meta property=\"og:url\" content=\"https:\/\/hosting.uandb.hu\/en\/contact\/\" \/>\n<meta property=\"og:site_name\" content=\"U&amp;B Management\" \/>\n<meta property=\"article:modified_time\" content=\"2022-07-31T12:24:03+00:00\" \/>\n<meta name=\"twitter:card\" content=\"summary_large_image\" \/>\n<meta name=\"twitter:label1\" content=\"Est. reading time\" \/>\n\t<meta name=\"twitter:data1\" content=\"8 minutes\" \/>\n<script type=\"application\/ld+json\" class=\"yoast-schema-graph\">{\"@context\":\"https:\/\/schema.org\",\"@graph\":[{\"@type\":\"WebPage\",\"@id\":\"https:\/\/hosting.uandb.hu\/en\/contact\/\",\"url\":\"https:\/\/hosting.uandb.hu\/en\/contact\/\",\"name\":\"Contact - U&amp;B Management\",\"isPartOf\":{\"@id\":\"https:\/\/hosting.uandb.hu\/#website\"},\"datePublished\":\"2019-11-22T10:24:03+00:00\",\"dateModified\":\"2022-07-31T12:24:03+00:00\",\"breadcrumb\":{\"@id\":\"https:\/\/hosting.uandb.hu\/en\/contact\/#breadcrumb\"},\"inLanguage\":\"en-US\",\"potentialAction\":[{\"@type\":\"ReadAction\",\"target\":[\"https:\/\/hosting.uandb.hu\/en\/contact\/\"]}]},{\"@type\":\"BreadcrumbList\",\"@id\":\"https:\/\/hosting.uandb.hu\/en\/contact\/#breadcrumb\",\"itemListElement\":[{\"@type\":\"ListItem\",\"position\":1,\"name\":\"Kezd\u0151lap\",\"item\":\"https:\/\/hosting.uandb.hu\/en\/\"},{\"@type\":\"ListItem\",\"position\":2,\"name\":\"Contact\"}]},{\"@type\":\"WebSite\",\"@id\":\"https:\/\/hosting.uandb.hu\/#website\",\"url\":\"https:\/\/hosting.uandb.hu\/\",\"name\":\"U&amp;B Management\",\"description\":\"R\u00f6vid t\u00e1v\u00fa lak\u00e1skiad\u00e1s\",\"potentialAction\":[{\"@type\":\"SearchAction\",\"target\":{\"@type\":\"EntryPoint\",\"urlTemplate\":\"https:\/\/hosting.uandb.hu\/?s={search_term_string}\"},\"query-input\":{\"@type\":\"PropertyValueSpecification\",\"valueRequired\":true,\"valueName\":\"search_term_string\"}}],\"inLanguage\":\"en-US\"}]}<\/script>\n<!-- \/ Yoast SEO plugin. -->","yoast_head_json":{"title":"Contact - U&amp;B Management","robots":{"index":"index","follow":"follow","max-snippet":"max-snippet:-1","max-image-preview":"max-image-preview:large","max-video-preview":"max-video-preview:-1"},"canonical":"https:\/\/hosting.uandb.hu\/en\/contact\/","og_locale":"en_US","og_type":"article","og_title":"Contact - U&amp;B Management","og_url":"https:\/\/hosting.uandb.hu\/en\/contact\/","og_site_name":"U&amp;B Management","article_modified_time":"2022-07-31T12:24:03+00:00","twitter_card":"summary_large_image","twitter_misc":{"Est. reading time":"8 minutes"},"schema":{"@context":"https:\/\/schema.org","@graph":[{"@type":"WebPage","@id":"https:\/\/hosting.uandb.hu\/en\/contact\/","url":"https:\/\/hosting.uandb.hu\/en\/contact\/","name":"Contact - U&amp;B Management","isPartOf":{"@id":"https:\/\/hosting.uandb.hu\/#website"},"datePublished":"2019-11-22T10:24:03+00:00","dateModified":"2022-07-31T12:24:03+00:00","breadcrumb":{"@id":"https:\/\/hosting.uandb.hu\/en\/contact\/#breadcrumb"},"inLanguage":"en-US","potentialAction":[{"@type":"ReadAction","target":["https:\/\/hosting.uandb.hu\/en\/contact\/"]}]},{"@type":"BreadcrumbList","@id":"https:\/\/hosting.uandb.hu\/en\/contact\/#breadcrumb","itemListElement":[{"@type":"ListItem","position":1,"name":"Kezd\u0151lap","item":"https:\/\/hosting.uandb.hu\/en\/"},{"@type":"ListItem","position":2,"name":"Contact"}]},{"@type":"WebSite","@id":"https:\/\/hosting.uandb.hu\/#website","url":"https:\/\/hosting.uandb.hu\/","name":"U&amp;B Management","description":"R\u00f6vid t\u00e1v\u00fa lak\u00e1skiad\u00e1s","potentialAction":[{"@type":"SearchAction","target":{"@type":"EntryPoint","urlTemplate":"https:\/\/hosting.uandb.hu\/?s={search_term_string}"},"query-input":{"@type":"PropertyValueSpecification","valueRequired":true,"valueName":"search_term_string"}}],"inLanguage":"en-US"}]}},"_links":{"self":[{"href":"https:\/\/hosting.uandb.hu\/en\/wp-json\/wp\/v2\/pages\/2346","targetHints":{"allow":["GET"]}}],"collection":[{"href":"https:\/\/hosting.uandb.hu\/en\/wp-json\/wp\/v2\/pages"}],"about":[{"href":"https:\/\/hosting.uandb.hu\/en\/wp-json\/wp\/v2\/types\/page"}],"author":[{"embeddable":true,"href":"https:\/\/hosting.uandb.hu\/en\/wp-json\/wp\/v2\/users\/1"}],"replies":[{"embeddable":true,"href":"https:\/\/hosting.uandb.hu\/en\/wp-json\/wp\/v2\/comments?post=2346"}],"version-history":[{"count":7,"href":"https:\/\/hosting.uandb.hu\/en\/wp-json\/wp\/v2\/pages\/2346\/revisions"}],"predecessor-version":[{"id":2595,"href":"https:\/\/hosting.uandb.hu\/en\/wp-json\/wp\/v2\/pages\/2346\/revisions\/2595"}],"wp:attachment":[{"href":"https:\/\/hosting.uandb.hu\/en\/wp-json\/wp\/v2\/media?parent=2346"}],"curies":[{"name":"wp","href":"https:\/\/api.w.org\/{rel}","templated":true}]}}