{"id":2334,"date":"2020-03-06T11:56:34","date_gmt":"2020-03-06T11:56:34","guid":{"rendered":"https:\/\/hosting.uandb.hu\/csomagok\/"},"modified":"2021-06-02T09:01:43","modified_gmt":"2021-06-02T09:01:43","slug":"packages","status":"publish","type":"page","link":"https:\/\/hosting.uandb.hu\/en\/packages\/","title":{"rendered":"Packages"},"content":{"rendered":"<div id='full_slider_1'  class='avia-fullwidth-slider main_color avia-shadow   avia-builder-el-0  el_before_av_section  avia-builder-el-first   container_wrap fullsize' style=' '  ><div   data-size='no scaling'  data-lightbox_size='large'  data-animation='fade'  data-conditional_play=''  data-ids='1923'  data-video_counter='0'  data-autoplay='false'  data-bg_slider='false'  data-slide_height=''  data-handle='av_slideshow_full'  data-interval='10'  data-class=' '  data-el_id=''  data-css_id=''  data-scroll_down=''  data-control_layout='av-control-hidden'  data-custom_markup=''  data-perma_caption='aviaTBperma_caption'  data-autoplay_stopper=''  data-image_attachment=''  data-min_height='300px'  data-src=''  data-position='top left'  data-repeat='no-repeat'  data-attach='scroll'  data-stretch=''  class='avia-slideshow avia-slideshow-1  av-control-hidden av-default-height-applied avia-slideshow-no scaling av_slideshow_full   avia-fade-slider '  itemprop=\"image\" itemscope=\"itemscope\" itemtype=\"https:\/\/schema.org\/ImageObject\" ><ul class='avia-slideshow-inner ' style='padding-bottom: 30%;' ><li  class=' av-single-slide slide-1 ' ><div data-rel='slideshow-1' class='avia-slide-wrap '   ><img src='https:\/\/hosting.uandb.hu\/wp-content\/uploads\/2020\/02\/front-page-6kep-helyett.jpg' width='1500' height='450' title='front page 6kep helyett' alt=''  itemprop=\"thumbnailUrl\"  style='min-height:300px; min-width:1000px; ' \/><div class='av-section-color-overlay' style='opacity: 0.3; background-color: #161616; '><\/div><\/div><\/li><\/ul><div class = \"caption_fullwidth av-slideshow-caption caption_center\"><div class = \"container caption_container\"><div class = \"slideshow_caption\"><div class = \"slideshow_inner_caption\"><div class = \"slideshow_align_caption\"><div class='avia-caption-content  av-small-font-size-overwrite av-small-font-size-24 av-mini-font-size-overwrite av-mini-font-size-21 av_inherit_color'  itemprop=\"description\"   style='font-size:40px; '><p>Choose from our packages<\/p>\n<\/div><\/div><\/div><\/div><\/div><\/div><\/div><\/div>\n<div id='csomagok'  class='avia-section main_color avia-section-default avia-no-border-styling avia-bg-style-scroll  avia-builder-el-1  el_after_av_slideshow_full  el_before_av_section   container_wrap fullsize' style=' '  ><div class='container' ><div class='template-page content  av-content-full alpha units'><div class='post-entry post-entry-type-page post-entry-2334'><div class='entry-content-wrapper clearfix'>\n<div class='avia-data-table-wrap avia_scrollable_table'><table class='avia-table avia-data-table avia-table-1  avia-builder-el-2  avia-builder-el-no-sibling  avia_pricing_default '  itemscope=\"itemscope\" itemtype=\"https:\/\/schema.org\/Table\" ><tbody><tr class=''><td class='avia-highlight-col'>\n<h6>U&amp;B Package Offers<\/h6>\n<\/td><td class='avia-highlight-col'>Pro Hosting Package<\/p>\n<h2>Net 26%<\/h2>\n\n<h3>Selecting Package<\/h3>\n<\/td><td class='avia-highlight-col'>General Management Package<\/p>\n<h2>Net 26% + fix monthly 20.000 HUF management fee<\/h2>\n\n<h3>Selecting Package<\/h3>\n<\/td><td class='avia-highlight-col'>GENERAL MANAGEMENT + BOOKKEEPING PACKAGE<\/p>\n<h2>Ask for a personal offer<\/h2>\n\n<h3>Selecting Package<\/h3>\n<\/td><\/tr><tr class=''><td class='avia-highlight-col'>Comprehensive, professional consulting &#8211; architectural, technical, licensing legislation and taxation<\/td><td class='avia-highlight-col'><\/td><td class='avia-highlight-col'><\/td><td class='avia-highlight-col'><\/td><\/tr><tr class=''><td class='avia-highlight-col'>Obtaining permits &#8211; preparing architectural documentation and arranging condominium contributions on request<\/td><td class='avia-highlight-col'><\/td><td class='avia-highlight-col'><\/td><td class='avia-highlight-col'><\/td><\/tr><tr class=''><td class='avia-highlight-col'>Creating an exceptional profile<\/td><td class='avia-highlight-col'><\/td><td class='avia-highlight-col'><\/td><td class='avia-highlight-col'><\/td><\/tr><tr class=''><td class='avia-highlight-col'>Taking professional photos of the apartment<\/td><td class='avia-highlight-col'><\/td><td class='avia-highlight-col'><\/td><td class='avia-highlight-col'><\/td><\/tr><tr class=''><td class='avia-highlight-col'> Channel management<\/td><td class='avia-highlight-col'><\/td><td class='avia-highlight-col'><\/td><td class='avia-highlight-col'><\/td><\/tr><tr class=''><td class='avia-highlight-col'>Owner access to our internal system &#8211; minute-by-minute tracking of apartment bookings, providing all data and detailed reports on the performance of the apartment<\/td><td class='avia-highlight-col'><\/td><td class='avia-highlight-col'><\/td><td class='avia-highlight-col'><\/td><\/tr><tr class=''><td class='avia-highlight-col'>Professional, dynamic pricing<\/td><td class='avia-highlight-col'><\/td><td class='avia-highlight-col'><\/td><td class='avia-highlight-col'><\/td><\/tr><tr class=''><td class='avia-highlight-col'>Hotel quality cleaning and laundry*<\/td><td class='avia-highlight-col'><\/td><td class='avia-highlight-col'><\/td><td class='avia-highlight-col'><\/td><\/tr><tr class=''><td class='avia-highlight-col'>Equipping the apartment with cleaning products and guest surprises<\/td><td class='avia-highlight-col'><\/td><td class='avia-highlight-col'><\/td><td class='avia-highlight-col'><\/td><\/tr><tr class=''><td class='avia-highlight-col'>Complete and peasonalized guest communication<\/td><td class='avia-highlight-col'><\/td><td class='avia-highlight-col'><\/td><td class='avia-highlight-col'><\/td><\/tr><tr class=''><td class='avia-highlight-col'>Guest reception \/ check-in<\/td><td class='avia-highlight-col'><\/td><td class='avia-highlight-col'><\/td><td class='avia-highlight-col'><\/td><\/tr><tr class=''><td class='avia-highlight-col'>Continuous availability for the visitors and guests<\/td><td class='avia-highlight-col'><\/td><td class='avia-highlight-col'><\/td><td class='avia-highlight-col'><\/td><\/tr><tr class=''><td class='avia-highlight-col'>Concierge service<\/td><td class='avia-highlight-col'><\/td><td class='avia-highlight-col'><\/td><td class='avia-highlight-col'><\/td><\/tr><tr class=''><td class='avia-highlight-col'>Chauffeur service<\/td><td class='avia-highlight-col'><\/td><td class='avia-highlight-col'><\/td><td class='avia-highlight-col'><\/td><\/tr><tr class=''><td class='avia-highlight-col'>Regular full inventory &#8211; On-demand troubleshooting and repairs by our own technical team<\/td><td class='avia-highlight-col'><\/td><td class='avia-highlight-col'><\/td><td class='avia-highlight-col'><\/td><\/tr><tr class=''><td class='avia-highlight-col'>Provision of data for taxation and IFA payments<\/td><td class='avia-highlight-col'><\/td><td class='avia-highlight-col'><\/td><td class='avia-highlight-col'><\/td><\/tr><tr class=''><td class='avia-highlight-col'>NTAK data provision<\/td><td class='avia-highlight-col'><\/td><td class='avia-highlight-col'><\/td><td class='avia-highlight-col'><\/td><\/tr><tr class=''><td class='avia-highlight-col'>Billing towards guests<\/td><td class='avia-highlight-col'><\/td><td class='avia-highlight-col'><\/td><td class='avia-highlight-col'><\/td><\/tr><tr class=''><td class='avia-highlight-col'>Account management<\/td><td class='avia-highlight-col'><\/td><td class='avia-highlight-col'><\/td><td class='avia-highlight-col'><\/td><\/tr><tr class=''><td class='avia-highlight-col'>Complete accounting and tax return<\/td><td class='avia-highlight-col'><\/td><td class='avia-highlight-col'><\/td><td class='avia-highlight-col'><\/td><\/tr><tr class=''><td class='avia-highlight-col'>Basic maintenance<\/td><td class='avia-highlight-col'><\/td><td class='avia-highlight-col'><\/td><td class='avia-highlight-col'><\/td><\/tr><tr class=''><td class='avia-highlight-col'>Representation of the owner towards authorities, service providers and the condominium<\/td><td class='avia-highlight-col'><\/td><td class='avia-highlight-col'><\/td><td class='avia-highlight-col'><\/td><\/tr><tr class=''><td class='avia-highlight-col'>Mailbox service<\/td><td class='avia-highlight-col'><\/td><td class='avia-highlight-col'><\/td><td class='avia-highlight-col'><\/td><\/tr><tr class=''><td class='avia-highlight-col'>Headquarters service<\/td><td class='avia-highlight-col'><\/td><td class='avia-highlight-col'><\/td><td class='avia-highlight-col'><\/td><\/tr><tr class=''><td class='avia-highlight-col'>Bookkeeping<\/td><td class='avia-highlight-col'><\/td><td class='avia-highlight-col'><\/td><td class='avia-highlight-col'><\/td><\/tr><\/tbody><\/table><\/div>\n<\/div><\/div><\/div><!-- close content main div --><\/div><\/div><div id='av_section_2'  class='avia-section main_color avia-section-default avia-no-border-styling avia-bg-style-scroll  avia-builder-el-3  el_after_av_section  avia-builder-el-last  gyik  av-desktop-hide av-medium-hide av-small-hide av-mini-hide container_wrap fullsize' style=' '  ><div class='container' ><div class='template-page content  av-content-full alpha units'><div class='post-entry post-entry-type-page post-entry-2334'><div class='entry-content-wrapper clearfix'>\n<div  style='padding-bottom:35px; ' class='av-special-heading av-special-heading-h1  blockquote modern-quote modern-centered  avia-builder-el-4  el_before_av_one_half  avia-builder-el-first  '><h1 class='av-special-heading-tag '  itemprop=\"headline\"  >Gyakori ism\u00e9telt k\u00e9rd\u00e9sek<\/h1><div class='special-heading-border'><div class='special-heading-inner-border' ><\/div><\/div><\/div>\n<div class=\"flex_column av_one_half  flex_column_div av-zero-column-padding first  avia-builder-el-5  el_after_av_heading  el_before_av_one_half  \" style='border-radius:0px; '><section class=\"av_textblock_section \"  itemscope=\"itemscope\" itemtype=\"https:\/\/schema.org\/CreativeWork\" ><div class='avia_textblock  '  style='font-size:15px; '  itemprop=\"text\" ><p><strong>What is Lorem Ipsum?<\/strong><br \/>\nLorem Ipsum is simply dummy text of the printing and typesetting industry. Lorem Ipsum has been the industry&#8217;s standard dummy text ever since the 1500s, when an unknown printer took a galley of type and scrambled it to make a type specimen book.<\/p>\n<p><strong>What is Lorem Ipsum?<\/strong><br \/>\nLorem Ipsum is simply dummy text of the printing and typesetting industry. Lorem Ipsum has been the industry&#8217;s standard dummy text ever since the 1500s, when an unknown printer took a galley of type and scrambled it to make a type specimen book.<\/p>\n<p><strong>What is Lorem Ipsum?<\/strong><br \/>\nLorem Ipsum is simply dummy text of the printing and typesetting industry. Lorem Ipsum has been the industry&#8217;s standard dummy text ever since the 1500s, when an unknown printer took a galley of type and scrambled it to make a type specimen book.<\/p>\n<\/div><\/section><\/div><div class=\"flex_column av_one_half  flex_column_div av-zero-column-padding   avia-builder-el-7  el_after_av_one_half  avia-builder-el-last  \" style='border-radius:0px; '><section class=\"av_textblock_section \"  itemscope=\"itemscope\" itemtype=\"https:\/\/schema.org\/CreativeWork\" ><div class='avia_textblock  '  style='font-size:15px; '  itemprop=\"text\" ><p><strong>What is Lorem Ipsum?<\/strong><br \/>\nLorem Ipsum is simply dummy text of the printing and typesetting industry. Lorem Ipsum has been the industry&#8217;s standard dummy text ever since the 1500s, when an unknown printer took a galley of type and scrambled it to make a type specimen book.<\/p>\n<p><strong>What is Lorem Ipsum?<\/strong><br \/>\nLorem Ipsum is simply dummy text of the printing and typesetting industry. Lorem Ipsum has been the industry&#8217;s standard dummy text ever since the 1500s, when an unknown printer took a galley of type and scrambled it to make a type specimen book.<\/p>\n<p><strong>What is Lorem Ipsum?<\/strong><br \/>\nLorem Ipsum is simply dummy text of the printing and typesetting industry. Lorem Ipsum has been the industry&#8217;s standard dummy text ever since the 1500s, when an unknown printer took a galley of type and scrambled it to make a type specimen book.<\/p>\n<\/div><\/section><\/div>\n<\/p>\n","protected":false},"excerpt":{"rendered":"","protected":false},"author":1,"featured_media":0,"parent":0,"menu_order":0,"comment_status":"closed","ping_status":"closed","template":"","meta":{"footnotes":""},"class_list":["post-2334","page","type-page","status-publish","hentry"],"yoast_head":"<!-- This site is optimized with the Yoast SEO plugin v26.8 - https:\/\/yoast.com\/product\/yoast-seo-wordpress\/ -->\n<title>Packages - U&amp;B Management<\/title>\n<meta name=\"robots\" content=\"index, follow, max-snippet:-1, max-image-preview:large, max-video-preview:-1\" \/>\n<link rel=\"canonical\" href=\"https:\/\/hosting.uandb.hu\/en\/packages\/\" \/>\n<meta property=\"og:locale\" content=\"en_US\" \/>\n<meta property=\"og:type\" content=\"article\" \/>\n<meta property=\"og:title\" content=\"Packages - U&amp;B Management\" \/>\n<meta property=\"og:url\" content=\"https:\/\/hosting.uandb.hu\/en\/packages\/\" \/>\n<meta property=\"og:site_name\" content=\"U&amp;B Management\" \/>\n<meta property=\"article:modified_time\" content=\"2021-06-02T09:01:43+00:00\" \/>\n<meta name=\"twitter:card\" content=\"summary_large_image\" \/>\n<meta name=\"twitter:label1\" content=\"Est. reading time\" \/>\n\t<meta name=\"twitter:data1\" content=\"11 minutes\" \/>\n<script type=\"application\/ld+json\" class=\"yoast-schema-graph\">{\"@context\":\"https:\/\/schema.org\",\"@graph\":[{\"@type\":\"WebPage\",\"@id\":\"https:\/\/hosting.uandb.hu\/en\/packages\/\",\"url\":\"https:\/\/hosting.uandb.hu\/en\/packages\/\",\"name\":\"Packages - U&amp;B Management\",\"isPartOf\":{\"@id\":\"https:\/\/hosting.uandb.hu\/#website\"},\"datePublished\":\"2020-03-06T11:56:34+00:00\",\"dateModified\":\"2021-06-02T09:01:43+00:00\",\"breadcrumb\":{\"@id\":\"https:\/\/hosting.uandb.hu\/en\/packages\/#breadcrumb\"},\"inLanguage\":\"en-US\",\"potentialAction\":[{\"@type\":\"ReadAction\",\"target\":[\"https:\/\/hosting.uandb.hu\/en\/packages\/\"]}]},{\"@type\":\"BreadcrumbList\",\"@id\":\"https:\/\/hosting.uandb.hu\/en\/packages\/#breadcrumb\",\"itemListElement\":[{\"@type\":\"ListItem\",\"position\":1,\"name\":\"Kezd\u0151lap\",\"item\":\"https:\/\/hosting.uandb.hu\/en\/\"},{\"@type\":\"ListItem\",\"position\":2,\"name\":\"Packages\"}]},{\"@type\":\"WebSite\",\"@id\":\"https:\/\/hosting.uandb.hu\/#website\",\"url\":\"https:\/\/hosting.uandb.hu\/\",\"name\":\"U&amp;B Management\",\"description\":\"R\u00f6vid t\u00e1v\u00fa lak\u00e1skiad\u00e1s\",\"potentialAction\":[{\"@type\":\"SearchAction\",\"target\":{\"@type\":\"EntryPoint\",\"urlTemplate\":\"https:\/\/hosting.uandb.hu\/?s={search_term_string}\"},\"query-input\":{\"@type\":\"PropertyValueSpecification\",\"valueRequired\":true,\"valueName\":\"search_term_string\"}}],\"inLanguage\":\"en-US\"}]}<\/script>\n<!-- \/ Yoast SEO plugin. -->","yoast_head_json":{"title":"Packages - U&amp;B Management","robots":{"index":"index","follow":"follow","max-snippet":"max-snippet:-1","max-image-preview":"max-image-preview:large","max-video-preview":"max-video-preview:-1"},"canonical":"https:\/\/hosting.uandb.hu\/en\/packages\/","og_locale":"en_US","og_type":"article","og_title":"Packages - U&amp;B Management","og_url":"https:\/\/hosting.uandb.hu\/en\/packages\/","og_site_name":"U&amp;B Management","article_modified_time":"2021-06-02T09:01:43+00:00","twitter_card":"summary_large_image","twitter_misc":{"Est. reading time":"11 minutes"},"schema":{"@context":"https:\/\/schema.org","@graph":[{"@type":"WebPage","@id":"https:\/\/hosting.uandb.hu\/en\/packages\/","url":"https:\/\/hosting.uandb.hu\/en\/packages\/","name":"Packages - U&amp;B Management","isPartOf":{"@id":"https:\/\/hosting.uandb.hu\/#website"},"datePublished":"2020-03-06T11:56:34+00:00","dateModified":"2021-06-02T09:01:43+00:00","breadcrumb":{"@id":"https:\/\/hosting.uandb.hu\/en\/packages\/#breadcrumb"},"inLanguage":"en-US","potentialAction":[{"@type":"ReadAction","target":["https:\/\/hosting.uandb.hu\/en\/packages\/"]}]},{"@type":"BreadcrumbList","@id":"https:\/\/hosting.uandb.hu\/en\/packages\/#breadcrumb","itemListElement":[{"@type":"ListItem","position":1,"name":"Kezd\u0151lap","item":"https:\/\/hosting.uandb.hu\/en\/"},{"@type":"ListItem","position":2,"name":"Packages"}]},{"@type":"WebSite","@id":"https:\/\/hosting.uandb.hu\/#website","url":"https:\/\/hosting.uandb.hu\/","name":"U&amp;B Management","description":"R\u00f6vid t\u00e1v\u00fa lak\u00e1skiad\u00e1s","potentialAction":[{"@type":"SearchAction","target":{"@type":"EntryPoint","urlTemplate":"https:\/\/hosting.uandb.hu\/?s={search_term_string}"},"query-input":{"@type":"PropertyValueSpecification","valueRequired":true,"valueName":"search_term_string"}}],"inLanguage":"en-US"}]}},"_links":{"self":[{"href":"https:\/\/hosting.uandb.hu\/en\/wp-json\/wp\/v2\/pages\/2334","targetHints":{"allow":["GET"]}}],"collection":[{"href":"https:\/\/hosting.uandb.hu\/en\/wp-json\/wp\/v2\/pages"}],"about":[{"href":"https:\/\/hosting.uandb.hu\/en\/wp-json\/wp\/v2\/types\/page"}],"author":[{"embeddable":true,"href":"https:\/\/hosting.uandb.hu\/en\/wp-json\/wp\/v2\/users\/1"}],"replies":[{"embeddable":true,"href":"https:\/\/hosting.uandb.hu\/en\/wp-json\/wp\/v2\/comments?post=2334"}],"version-history":[{"count":9,"href":"https:\/\/hosting.uandb.hu\/en\/wp-json\/wp\/v2\/pages\/2334\/revisions"}],"predecessor-version":[{"id":2569,"href":"https:\/\/hosting.uandb.hu\/en\/wp-json\/wp\/v2\/pages\/2334\/revisions\/2569"}],"wp:attachment":[{"href":"https:\/\/hosting.uandb.hu\/en\/wp-json\/wp\/v2\/media?parent=2334"}],"curies":[{"name":"wp","href":"https:\/\/api.w.org\/{rel}","templated":true}]}}