{"id":2323,"date":"2019-11-22T13:55:33","date_gmt":"2019-11-22T13:55:33","guid":{"rendered":"https:\/\/hosting.uandb.hu\/ajanlatkeres\/"},"modified":"2021-06-01T18:18:59","modified_gmt":"2021-06-01T18:18:59","slug":"request-for","status":"publish","type":"page","link":"https:\/\/hosting.uandb.hu\/en\/request-for\/","title":{"rendered":"Request for"},"content":{"rendered":"<div id='ajanlatkeres'  class='avia-section main_color avia-section-default avia-no-border-styling avia-bg-style-scroll  avia-builder-el-0  avia-builder-el-no-sibling   container_wrap fullsize' style=' '  ><div class='container' ><main  role=\"main\" itemprop=\"mainContentOfPage\"  class='template-page content  av-content-full alpha units'><div class='post-entry post-entry-type-page post-entry-2323'><div class='entry-content-wrapper clearfix'>\n<div class=\"flex_column av_one_full  flex_column_div av-zero-column-padding first  avia-builder-el-1  avia-builder-el-no-sibling  \" style='border-radius:0px; '><p><div  style='padding-bottom:50px; font-size:32px;' class='av-special-heading av-special-heading-h1  blockquote modern-quote modern-centered  avia-builder-el-2  el_before_av_textblock  avia-builder-el-first  title-sections av-inherit-size '><div class ='av-subheading av-subheading_above  ' style='font-size:16px;'><p>Make the most of your property<\/p>\n<\/div><h1 class='av-special-heading-tag '  itemprop=\"headline\"  >We will assess your apartment<\/h1><div class='special-heading-border'><div class='special-heading-inner-border' ><\/div><\/div><\/div><br \/>\n<section class=\"av_textblock_section \"  itemscope=\"itemscope\" itemtype=\"https:\/\/schema.org\/CreativeWork\" ><div class='avia_textblock  '   itemprop=\"text\" >\n                <div class='gf_browser_gecko gform_wrapper' id='gform_wrapper_5' ><a id='gf_5' class='gform_anchor' ><\/a><form method='post' enctype='multipart\/form-data'  id='gform_5'  action='\/en\/wp-json\/wp\/v2\/pages\/2323#gf_5'><div id='gf_page_steps_5' class='gf_page_steps'><div id='gf_step_5_1' class='gf_step gf_step_active gf_step_first'><span class='gf_step_number'>1<\/span>&nbsp;<span class='gf_step_label'><\/span><\/div><div id='gf_step_5_2' class='gf_step gf_step_next gf_step_pending'><span class='gf_step_number'>2<\/span>&nbsp;<span class='gf_step_label'><\/span><\/div><div id='gf_step_5_3' class='gf_step gf_step_last gf_step_pending'><span class='gf_step_number'>3<\/span>&nbsp;<span class='gf_step_label'><\/span><\/div><div class='gf_step_clear'><\/div><\/div>\n                        <div class='gform_body'><div id='gform_page_5_1' class='gform_page' >\n                                    <div class='gform_page_fields'><ul id='gform_fields_5' class='gform_fields top_label form_sublabel_below description_below'><li id='field_5_9'  class='gfield gfield_html gfield_html_formatted gfield_no_follows_desc field_sublabel_below field_description_below gfield_visibility_visible' ><h2>Basic Information<\/h2><\/li><li id='field_5_1'  class='gfield gfield_contains_required field_sublabel_below field_description_below gfield_visibility_visible' ><label class='gfield_label' for='input_5_1' >NAME<span class='gfield_required'>*<\/span><\/label><div class='ginput_container ginput_container_text'><input name='input_1' id='input_5_1' type='text' value='' class='medium'     aria-required=\"true\" aria-invalid=\"false\" \/><\/div><\/li><li id='field_5_25'  class='gfield gfield_contains_required field_sublabel_below field_description_below gfield_visibility_visible' ><label class='gfield_label' for='input_5_25' >PHONE NUMBER<span class='gfield_required'>*<\/span><\/label><div class='ginput_container ginput_container_text'><input name='input_25' id='input_5_25' type='text' value='' class='medium'     aria-required=\"true\" aria-invalid=\"false\" \/><\/div><\/li><li id='field_5_8'  class='gfield gfield_contains_required field_sublabel_below field_description_below gfield_visibility_visible' ><label class='gfield_label' for='input_5_8' >Email<span class='gfield_required'>*<\/span><\/label><div class='ginput_container ginput_container_email'>\n                            <input name='input_8' id='input_5_8' type='text' value='' class='medium'    aria-required=\"true\" aria-invalid=\"false\"\/>\n                        <\/div><\/li><li id='field_5_7'  class='gfield gfield_html gfield_html_formatted gfield_no_follows_desc field_sublabel_below field_description_below gfield_visibility_visible' ><hr><\/li><li id='field_5_11'  class='gfield gfield_html gfield_html_formatted gfield_no_follows_desc field_sublabel_below field_description_below gfield_visibility_visible' ><h2>Location<\/h2><\/li><li id='field_5_6'  class='gfield gfield_contains_required field_sublabel_below field_description_below gfield_visibility_visible' ><label class='gfield_label gfield_label_before_complex'  >ADDRESS<span class='gfield_required'>*<\/span><\/label>    \n                    <div class='ginput_complex ginput_container has_street has_zip ginput_container_address' id='input_5_6' >\n                         <span class='ginput_full address_line_1' id='input_5_6_1_container' >\n                                        <input type='text' name='input_6.1' id='input_5_6_1' value=''    aria-required=\"true\"\/>\n                                        <label for='input_5_6_1' id='input_5_6_1_label' >Street Address<\/label>\n                                    <\/span><input type='hidden' class='gform_hidden' name='input_6.4' id='input_5_6_4' value=''\/><span class='ginput_right address_zip' id='input_5_6_5_container' >\n                                    <input type='text' name='input_6.5' id='input_5_6_5' value=''    aria-required=\"true\"\/>\n                                    <label for='input_5_6_5' id='input_5_6_5_label' >ZIP \/ Postal Code<\/label>\n                                <\/span><input type='hidden' class='gform_hidden' name='input_6.6' id='input_5_6_6' value=''\/>\n                    <div class='gf_clear gf_clear_complex'><\/div>\n                <\/div><\/li><\/ul>\n                    <\/div>\n                    <div class='gform_page_footer'>\n                         <input type='button' id='gform_next_button_5_10' class='gform_next_button button' value='Next &#8594;'  onclick='jQuery(\"#gform_target_page_number_5\").val(\"2\");  jQuery(\"#gform_5\").trigger(\"submit\",[true]); ' onkeypress='if( event.keyCode == 13 ){ jQuery(\"#gform_target_page_number_5\").val(\"2\");  jQuery(\"#gform_5\").trigger(\"submit\",[true]); } ' \/> \n                    <\/div>\n                <\/div>\n                <div id='gform_page_5_2' class='gform_page' style='display:none;'>\n                    <div class='gform_page_fields'>\n                        <ul id='gform_fields_5_2' class='gform_fields top_label form_sublabel_below description_below'><li id='field_5_5'  class='gfield gfield_html gfield_html_formatted gfield_no_follows_desc field_sublabel_below field_description_below gfield_visibility_visible' ><h2>Property description\/h2><\/li><li id='field_5_13'  class='gfield field_sublabel_below field_description_below gfield_visibility_visible' ><label class='gfield_label' for='input_5_13' >DESCRIBE THE APARTMENT TO US<\/label><div class='ginput_container ginput_container_textarea'><textarea name='input_13' id='input_5_13' class='textarea medium'    placeholder='Please share with us more information about the apartment. For example: How many square meters is the apartment?, How many rooms are there?, Does it look at the street or the inner courtyard?, Is it renovated and furnished? Is there an elevator in the house? etc. We welcome any information you consider important about the apartment.'  aria-invalid=\"false\"   rows='10' cols='50'><\/textarea><\/div><\/li><\/ul>\n                    <\/div>\n                    <div class='gform_page_footer'>\n                        <input type='button' id='gform_previous_button_5_15' class='gform_previous_button button' value='&#8592; Previous'  onclick='jQuery(\"#gform_target_page_number_5\").val(\"1\");  jQuery(\"#gform_5\").trigger(\"submit\",[true]); ' onkeypress='if( event.keyCode == 13 ){ jQuery(\"#gform_target_page_number_5\").val(\"1\");  jQuery(\"#gform_5\").trigger(\"submit\",[true]); } ' \/> <input type='button' id='gform_next_button_5_15' class='gform_next_button button' value='Next &#8594;'  onclick='jQuery(\"#gform_target_page_number_5\").val(\"3\");  jQuery(\"#gform_5\").trigger(\"submit\",[true]); ' onkeypress='if( event.keyCode == 13 ){ jQuery(\"#gform_target_page_number_5\").val(\"3\");  jQuery(\"#gform_5\").trigger(\"submit\",[true]); } ' \/> \n                    <\/div>\n                <\/div>\n                <div id='gform_page_5_3' class='gform_page' style='display:none;'>\n                    <div class='gform_page_fields'>\n                        <ul id='gform_fields_5_3' class='gform_fields top_label form_sublabel_below description_below'><li id='field_5_20'  class='gfield gfield_html gfield_html_formatted gfield_no_follows_desc field_sublabel_below field_description_below gfield_visibility_visible' ><h2>\nDisposition and equipment<\/h2><\/li><li id='field_5_26'  class='gfield field_sublabel_below field_description_below gfield_visibility_visible' ><label class='gfield_label'  >UPLOAD PICTURES OF THE APARTMENT<\/label><div class='ginput_container ginput_container_fileupload'><div id='gform_multifile_upload_5_26' data-settings='{&quot;runtimes&quot;:&quot;html5,flash,html4&quot;,&quot;browse_button&quot;:&quot;gform_browse_button_5_26&quot;,&quot;container&quot;:&quot;gform_multifile_upload_5_26&quot;,&quot;drop_element&quot;:&quot;gform_drag_drop_area_5_26&quot;,&quot;filelist&quot;:&quot;gform_preview_5_26&quot;,&quot;unique_names&quot;:true,&quot;file_data_name&quot;:&quot;file&quot;,&quot;url&quot;:&quot;https:\\\/\\\/hosting.uandb.hu\\\/?gf_page=aab97aab25c70aa&quot;,&quot;flash_swf_url&quot;:&quot;https:\\\/\\\/hosting.uandb.hu\\\/wp-includes\\\/js\\\/plupload\\\/plupload.flash.swf&quot;,&quot;silverlight_xap_url&quot;:&quot;https:\\\/\\\/hosting.uandb.hu\\\/wp-includes\\\/js\\\/plupload\\\/plupload.silverlight.xap&quot;,&quot;filters&quot;:{&quot;mime_types&quot;:[{&quot;title&quot;:&quot;Allowed Files&quot;,&quot;extensions&quot;:&quot;*&quot;}],&quot;max_file_size&quot;:&quot;2097152b&quot;},&quot;multipart&quot;:true,&quot;urlstream_upload&quot;:false,&quot;multipart_params&quot;:{&quot;form_id&quot;:5,&quot;field_id&quot;:26},&quot;gf_vars&quot;:{&quot;max_files&quot;:0,&quot;message_id&quot;:&quot;gform_multifile_messages_5_26&quot;,&quot;disallowed_extensions&quot;:[&quot;php&quot;,&quot;asp&quot;,&quot;aspx&quot;,&quot;cmd&quot;,&quot;csh&quot;,&quot;bat&quot;,&quot;html&quot;,&quot;htm&quot;,&quot;hta&quot;,&quot;jar&quot;,&quot;exe&quot;,&quot;com&quot;,&quot;js&quot;,&quot;lnk&quot;,&quot;htaccess&quot;,&quot;phtml&quot;,&quot;ps1&quot;,&quot;ps2&quot;,&quot;php3&quot;,&quot;php4&quot;,&quot;php5&quot;,&quot;php6&quot;,&quot;py&quot;,&quot;rb&quot;,&quot;tmp&quot;]}}' class='gform_fileupload_multifile'>\n\t\t\t\t\t\t\t\t\t\t<div id='gform_drag_drop_area_5_26' class='gform_drop_area'>\n\t\t\t\t\t\t\t\t\t\t\t<span class='gform_drop_instructions'>Drop files here or <\/span>\n\t\t\t\t\t\t\t\t\t\t\t<input id='gform_browse_button_5_26' type='button' value='Select files' class='button gform_button_select_files' aria-describedby='extensions_message_5_26'  \/>\n\t\t\t\t\t\t\t\t\t\t<\/div>\n\t\t\t\t\t\t\t\t\t<\/div><span id='extensions_message_5_26' class='screen-reader-text'><\/span><div class='validation_message'>\n\t\t\t\t\t\t\t\t<ul id='gform_multifile_messages_5_26'>\n\t\t\t\t\t\t\t\t<\/ul>\n\t\t\t\t\t\t\t<\/div><\/div><div id='gform_preview_5_26'><\/div><div class='gfield_description' id='gfield_description_5_26'>PLEASE UPLOAD MANY PICTURES OF THE APARTMENT, THAT WILL HELP US GREATLY IN DECIDING, IF THE APARTMENT WILL FIT INTO OUR PORTFOLIO.<\/div><\/li>\n                            <\/ul><\/div>\n        <div class='gform_page_footer top_label'><input type='submit' id='gform_previous_button_5' class='gform_previous_button button' value='&#8592; Previous '  onclick='if(window[\"gf_submitting_5\"]){return false;}  window[\"gf_submitting_5\"]=true;  ' onkeypress='if( event.keyCode == 13 ){ if(window[\"gf_submitting_5\"]){return false;} window[\"gf_submitting_5\"]=true;  jQuery(\"#gform_5\").trigger(\"submit\",[true]); }' \/> <input type='submit' id='gform_submit_button_5' class='gform_button button' value='Send us'  onclick='if(window[\"gf_submitting_5\"]){return false;}  window[\"gf_submitting_5\"]=true;  ' onkeypress='if( event.keyCode == 13 ){ if(window[\"gf_submitting_5\"]){return false;} window[\"gf_submitting_5\"]=true;  jQuery(\"#gform_5\").trigger(\"submit\",[true]); }' \/> \n            <input type='hidden' class='gform_hidden' name='is_submit_5' value='1' \/>\n            <input type='hidden' class='gform_hidden' name='gform_submit' value='5' \/>\n            \n            <input type='hidden' class='gform_hidden' name='gform_unique_id' value='' \/>\n            <input type='hidden' class='gform_hidden' name='state_5' value='WyJbXSIsImRjMGNlYmE2ZWM3Y2ExMTkyNjMyOTE1NmJhMmJkMTk4Il0=' \/>\n            <input type='hidden' class='gform_hidden' name='gform_target_page_number_5' id='gform_target_page_number_5' value='2' \/>\n            <input type='hidden' class='gform_hidden' name='gform_source_page_number_5' id='gform_source_page_number_5' value='1' \/>\n            <input type='hidden' name='gform_field_values' value='' \/>\n            <input type='hidden' name='gform_uploaded_files' id='gform_uploaded_files_5' value='' \/>\n        <\/div>\n                        <\/div><\/div>\n                        <\/form>\n                        <\/div><script type='text\/javascript'> if(typeof gf_global == 'undefined') var gf_global = {\"gf_currency_config\":{\"name\":\"U.S. Dollar\",\"symbol_left\":\"$\",\"symbol_right\":\"\",\"symbol_padding\":\"\",\"thousand_separator\":\",\",\"decimal_separator\":\".\",\"decimals\":2},\"base_url\":\"https:\\\/\\\/hosting.uandb.hu\\\/wp-content\\\/plugins\\\/gravityforms\",\"number_formats\":[],\"spinnerUrl\":\"https:\\\/\\\/hosting.uandb.hu\\\/wp-content\\\/plugins\\\/gravityforms\\\/images\\\/spinner.gif\"};jQuery(document).bind('gform_post_render', function(event, formId, currentPage){if(formId == 5) {if(typeof Placeholders != 'undefined'){\n                        Placeholders.enable();\n                    }} } );jQuery(document).bind('gform_post_conditional_logic', function(event, formId, fields, isInit){} );<\/script><script type='text\/javascript'> jQuery(document).ready(function(){jQuery(document).trigger('gform_post_render', [5, 1]) } ); <\/script>\n<\/div><\/section><\/p><\/div>\n","protected":false},"excerpt":{"rendered":"","protected":false},"author":1,"featured_media":0,"parent":0,"menu_order":0,"comment_status":"closed","ping_status":"closed","template":"","meta":{"footnotes":""},"class_list":["post-2323","page","type-page","status-publish","hentry"],"yoast_head":"<!-- This site is optimized with the Yoast SEO plugin v26.8 - https:\/\/yoast.com\/product\/yoast-seo-wordpress\/ -->\n<title>Request for - U&amp;B Management<\/title>\n<meta name=\"robots\" content=\"index, follow, max-snippet:-1, max-image-preview:large, max-video-preview:-1\" \/>\n<link rel=\"canonical\" href=\"https:\/\/hosting.uandb.hu\/en\/request-for\/\" \/>\n<meta property=\"og:locale\" content=\"en_US\" \/>\n<meta property=\"og:type\" content=\"article\" \/>\n<meta property=\"og:title\" content=\"Request for - U&amp;B Management\" \/>\n<meta property=\"og:url\" content=\"https:\/\/hosting.uandb.hu\/en\/request-for\/\" \/>\n<meta property=\"og:site_name\" content=\"U&amp;B Management\" \/>\n<meta property=\"article:modified_time\" content=\"2021-06-01T18:18:59+00:00\" \/>\n<meta name=\"twitter:card\" content=\"summary_large_image\" \/>\n<meta name=\"twitter:label1\" content=\"Est. reading time\" \/>\n\t<meta name=\"twitter:data1\" content=\"2 minutes\" \/>\n<script type=\"application\/ld+json\" class=\"yoast-schema-graph\">{\"@context\":\"https:\/\/schema.org\",\"@graph\":[{\"@type\":\"WebPage\",\"@id\":\"https:\/\/hosting.uandb.hu\/en\/request-for\/\",\"url\":\"https:\/\/hosting.uandb.hu\/en\/request-for\/\",\"name\":\"Request for - U&amp;B Management\",\"isPartOf\":{\"@id\":\"https:\/\/hosting.uandb.hu\/#website\"},\"datePublished\":\"2019-11-22T13:55:33+00:00\",\"dateModified\":\"2021-06-01T18:18:59+00:00\",\"breadcrumb\":{\"@id\":\"https:\/\/hosting.uandb.hu\/en\/request-for\/#breadcrumb\"},\"inLanguage\":\"en-US\",\"potentialAction\":[{\"@type\":\"ReadAction\",\"target\":[\"https:\/\/hosting.uandb.hu\/en\/request-for\/\"]}]},{\"@type\":\"BreadcrumbList\",\"@id\":\"https:\/\/hosting.uandb.hu\/en\/request-for\/#breadcrumb\",\"itemListElement\":[{\"@type\":\"ListItem\",\"position\":1,\"name\":\"Kezd\u0151lap\",\"item\":\"https:\/\/hosting.uandb.hu\/en\/\"},{\"@type\":\"ListItem\",\"position\":2,\"name\":\"Request for\"}]},{\"@type\":\"WebSite\",\"@id\":\"https:\/\/hosting.uandb.hu\/#website\",\"url\":\"https:\/\/hosting.uandb.hu\/\",\"name\":\"U&amp;B Management\",\"description\":\"R\u00f6vid t\u00e1v\u00fa lak\u00e1skiad\u00e1s\",\"potentialAction\":[{\"@type\":\"SearchAction\",\"target\":{\"@type\":\"EntryPoint\",\"urlTemplate\":\"https:\/\/hosting.uandb.hu\/?s={search_term_string}\"},\"query-input\":{\"@type\":\"PropertyValueSpecification\",\"valueRequired\":true,\"valueName\":\"search_term_string\"}}],\"inLanguage\":\"en-US\"}]}<\/script>\n<!-- \/ Yoast SEO plugin. -->","yoast_head_json":{"title":"Request for - U&amp;B Management","robots":{"index":"index","follow":"follow","max-snippet":"max-snippet:-1","max-image-preview":"max-image-preview:large","max-video-preview":"max-video-preview:-1"},"canonical":"https:\/\/hosting.uandb.hu\/en\/request-for\/","og_locale":"en_US","og_type":"article","og_title":"Request for - U&amp;B Management","og_url":"https:\/\/hosting.uandb.hu\/en\/request-for\/","og_site_name":"U&amp;B Management","article_modified_time":"2021-06-01T18:18:59+00:00","twitter_card":"summary_large_image","twitter_misc":{"Est. reading time":"2 minutes"},"schema":{"@context":"https:\/\/schema.org","@graph":[{"@type":"WebPage","@id":"https:\/\/hosting.uandb.hu\/en\/request-for\/","url":"https:\/\/hosting.uandb.hu\/en\/request-for\/","name":"Request for - U&amp;B Management","isPartOf":{"@id":"https:\/\/hosting.uandb.hu\/#website"},"datePublished":"2019-11-22T13:55:33+00:00","dateModified":"2021-06-01T18:18:59+00:00","breadcrumb":{"@id":"https:\/\/hosting.uandb.hu\/en\/request-for\/#breadcrumb"},"inLanguage":"en-US","potentialAction":[{"@type":"ReadAction","target":["https:\/\/hosting.uandb.hu\/en\/request-for\/"]}]},{"@type":"BreadcrumbList","@id":"https:\/\/hosting.uandb.hu\/en\/request-for\/#breadcrumb","itemListElement":[{"@type":"ListItem","position":1,"name":"Kezd\u0151lap","item":"https:\/\/hosting.uandb.hu\/en\/"},{"@type":"ListItem","position":2,"name":"Request for"}]},{"@type":"WebSite","@id":"https:\/\/hosting.uandb.hu\/#website","url":"https:\/\/hosting.uandb.hu\/","name":"U&amp;B Management","description":"R\u00f6vid t\u00e1v\u00fa lak\u00e1skiad\u00e1s","potentialAction":[{"@type":"SearchAction","target":{"@type":"EntryPoint","urlTemplate":"https:\/\/hosting.uandb.hu\/?s={search_term_string}"},"query-input":{"@type":"PropertyValueSpecification","valueRequired":true,"valueName":"search_term_string"}}],"inLanguage":"en-US"}]}},"_links":{"self":[{"href":"https:\/\/hosting.uandb.hu\/en\/wp-json\/wp\/v2\/pages\/2323","targetHints":{"allow":["GET"]}}],"collection":[{"href":"https:\/\/hosting.uandb.hu\/en\/wp-json\/wp\/v2\/pages"}],"about":[{"href":"https:\/\/hosting.uandb.hu\/en\/wp-json\/wp\/v2\/types\/page"}],"author":[{"embeddable":true,"href":"https:\/\/hosting.uandb.hu\/en\/wp-json\/wp\/v2\/users\/1"}],"replies":[{"embeddable":true,"href":"https:\/\/hosting.uandb.hu\/en\/wp-json\/wp\/v2\/comments?post=2323"}],"version-history":[{"count":5,"href":"https:\/\/hosting.uandb.hu\/en\/wp-json\/wp\/v2\/pages\/2323\/revisions"}],"predecessor-version":[{"id":2562,"href":"https:\/\/hosting.uandb.hu\/en\/wp-json\/wp\/v2\/pages\/2323\/revisions\/2562"}],"wp:attachment":[{"href":"https:\/\/hosting.uandb.hu\/en\/wp-json\/wp\/v2\/media?parent=2323"}],"curies":[{"name":"wp","href":"https:\/\/api.w.org\/{rel}","templated":true}]}}